{"id":55,"date":"2021-03-18T15:18:50","date_gmt":"2021-03-18T14:18:50","guid":{"rendered":"http:\/\/n-cordes.com\/?page_id=55"},"modified":"2021-03-19T21:10:37","modified_gmt":"2021-03-19T20:10:37","slug":"ete","status":"publish","type":"page","link":"https:\/\/en-cordes.com\/index.php\/ete\/","title":{"rendered":"\u00c9t\u00e9"},"content":{"rendered":"\n<h1 class=\"has-text-align-center wp-block-heading\">ALPINISME<\/h1>\n\n\n\n<div class=\"wp-block-columns is-layout-flex wp-container-core-columns-is-layout-28f84493 wp-block-columns-is-layout-flex\">\n<div class=\"wp-block-column is-layout-flow wp-block-column-is-layout-flow\"><\/div>\n\n\n\n<div class=\"wp-block-column is-layout-flow wp-block-column-is-layout-flow\">\n<figure class=\"wp-block-image size-large\"><img loading=\"lazy\" decoding=\"async\" width=\"2560\" height=\"2556\" src=\"http:\/\/n-cordes.com\/wp-content\/uploads\/2021\/03\/87-Aretes-Sialouze-1470967-edited-scaled.jpg\" alt=\"\" class=\"wp-image-175\" srcset=\"https:\/\/en-cordes.com\/wp-content\/uploads\/2021\/03\/87-Aretes-Sialouze-1470967-edited-scaled.jpg 2560w, https:\/\/en-cordes.com\/wp-content\/uploads\/2021\/03\/87-Aretes-Sialouze-1470967-edited-300x300.jpg 300w, https:\/\/en-cordes.com\/wp-content\/uploads\/2021\/03\/87-Aretes-Sialouze-1470967-edited-scaled-100x100.jpg 100w, https:\/\/en-cordes.com\/wp-content\/uploads\/2021\/03\/87-Aretes-Sialouze-1470967-edited-scaled-600x599.jpg 600w, https:\/\/en-cordes.com\/wp-content\/uploads\/2021\/03\/87-Aretes-Sialouze-1470967-edited-150x150.jpg 150w, https:\/\/en-cordes.com\/wp-content\/uploads\/2021\/03\/87-Aretes-Sialouze-1470967-edited-768x767.jpg 768w, https:\/\/en-cordes.com\/wp-content\/uploads\/2021\/03\/87-Aretes-Sialouze-1470967-edited-1536x1534.jpg 1536w, https:\/\/en-cordes.com\/wp-content\/uploads\/2021\/03\/87-Aretes-Sialouze-1470967-edited-2048x2045.jpg 2048w\" sizes=\"auto, (max-width: 2560px) 100vw, 2560px\" \/><\/figure>\n\n\n\n<h4 class=\"has-text-align-center wp-block-heading\">Premiers pas en Montagne<\/h4>\n\n\n\n<p class=\"has-text-align-center\">Je vous propose de d\u00e9couvrir les grands espaces que nous offre le milieu montagnard:\u00a0<br>&#8211; Randonn\u00e9e glaciaire<br>&#8211; Escalade<br>&#8211; Courses d&rsquo;ar\u00eates<\/p>\n<\/div>\n\n\n\n<div class=\"wp-block-column is-layout-flow wp-block-column-is-layout-flow\">\n<figure class=\"wp-block-image size-large\"><img loading=\"lazy\" decoding=\"async\" width=\"2560\" height=\"2556\" src=\"http:\/\/n-cordes.com\/wp-content\/uploads\/2021\/03\/DSC02315-edited-scaled.jpg\" alt=\"\" class=\"wp-image-183\" srcset=\"https:\/\/en-cordes.com\/wp-content\/uploads\/2021\/03\/DSC02315-edited-scaled.jpg 2560w, https:\/\/en-cordes.com\/wp-content\/uploads\/2021\/03\/DSC02315-edited-300x300.jpg 300w, https:\/\/en-cordes.com\/wp-content\/uploads\/2021\/03\/DSC02315-edited-scaled-100x100.jpg 100w, https:\/\/en-cordes.com\/wp-content\/uploads\/2021\/03\/DSC02315-edited-scaled-600x599.jpg 600w, https:\/\/en-cordes.com\/wp-content\/uploads\/2021\/03\/DSC02315-edited-150x150.jpg 150w, https:\/\/en-cordes.com\/wp-content\/uploads\/2021\/03\/DSC02315-edited-768x767.jpg 768w, https:\/\/en-cordes.com\/wp-content\/uploads\/2021\/03\/DSC02315-edited-1536x1534.jpg 1536w, https:\/\/en-cordes.com\/wp-content\/uploads\/2021\/03\/DSC02315-edited-2048x2045.jpg 2048w\" sizes=\"auto, (max-width: 2560px) 100vw, 2560px\" \/><\/figure>\n\n\n\n<h4 class=\"has-text-align-center wp-block-heading\">Gravir un grand sommet<\/h4>\n\n\n\n<p class=\"has-text-align-center\">Je vous accompagne pour r\u00e9aliser vos projets<br>&#8211; Ascensions<br>&#8211; Stages de pr\u00e9paration<br><\/p>\n<\/div>\n\n\n\n<div class=\"wp-block-column is-layout-flow wp-block-column-is-layout-flow\">\n<figure class=\"wp-block-image size-large\"><img loading=\"lazy\" decoding=\"async\" width=\"2556\" height=\"2560\" src=\"http:\/\/n-cordes.com\/wp-content\/uploads\/2021\/03\/56-Aretes-Sialouze-1470865-edited-scaled.jpg\" alt=\"\" class=\"wp-image-131\" srcset=\"https:\/\/en-cordes.com\/wp-content\/uploads\/2021\/03\/56-Aretes-Sialouze-1470865-edited-scaled.jpg 2556w, https:\/\/en-cordes.com\/wp-content\/uploads\/2021\/03\/56-Aretes-Sialouze-1470865-edited-300x300.jpg 300w, https:\/\/en-cordes.com\/wp-content\/uploads\/2021\/03\/56-Aretes-Sialouze-1470865-edited-scaled-100x100.jpg 100w, https:\/\/en-cordes.com\/wp-content\/uploads\/2021\/03\/56-Aretes-Sialouze-1470865-edited-scaled-600x601.jpg 600w, https:\/\/en-cordes.com\/wp-content\/uploads\/2021\/03\/56-Aretes-Sialouze-1470865-edited-150x150.jpg 150w, https:\/\/en-cordes.com\/wp-content\/uploads\/2021\/03\/56-Aretes-Sialouze-1470865-edited-768x769.jpg 768w, https:\/\/en-cordes.com\/wp-content\/uploads\/2021\/03\/56-Aretes-Sialouze-1470865-edited-1534x1536.jpg 1534w, https:\/\/en-cordes.com\/wp-content\/uploads\/2021\/03\/56-Aretes-Sialouze-1470865-edited-2045x2048.jpg 2045w\" sizes=\"auto, (max-width: 2556px) 100vw, 2556px\" \/><\/figure>\n\n\n\n<h4 class=\"has-text-align-center wp-block-heading\">Devenir autonome<\/h4>\n\n\n\n<p class=\"has-text-align-center\">Pas \u00e0 pas, devenez autonomes en d\u00e9couvrant les techniques de s\u00e9curit\u00e9 et de progression<\/p>\n<\/div>\n\n\n\n<div class=\"wp-block-column is-layout-flow wp-block-column-is-layout-flow\"><\/div>\n<\/div>\n\n\n\n<div style=\"height:100px\" aria-hidden=\"true\" class=\"wp-block-spacer\"><\/div>\n\n\n\n<h1 class=\"has-text-align-center wp-block-heading\">ESCALADE<\/h1>\n\n\n\n<div class=\"wp-block-columns is-layout-flex wp-container-core-columns-is-layout-28f84493 wp-block-columns-is-layout-flex\">\n<div class=\"wp-block-column is-layout-flow wp-block-column-is-layout-flow\">\n<div style=\"height:100px\" aria-hidden=\"true\" class=\"wp-block-spacer\"><\/div>\n<\/div>\n\n\n\n<div class=\"wp-block-column is-layout-flow wp-block-column-is-layout-flow\">\n<figure class=\"wp-block-image size-large\"><img loading=\"lazy\" decoding=\"async\" width=\"2464\" height=\"2463\" src=\"http:\/\/n-cordes.com\/wp-content\/uploads\/2021\/03\/mRENA5692-edited.jpg\" alt=\"\" class=\"wp-image-201\" srcset=\"https:\/\/en-cordes.com\/wp-content\/uploads\/2021\/03\/mRENA5692-edited.jpg 2464w, https:\/\/en-cordes.com\/wp-content\/uploads\/2021\/03\/mRENA5692-edited-300x300.jpg 300w, https:\/\/en-cordes.com\/wp-content\/uploads\/2021\/03\/mRENA5692-edited-100x100.jpg 100w, https:\/\/en-cordes.com\/wp-content\/uploads\/2021\/03\/mRENA5692-edited-600x600.jpg 600w, https:\/\/en-cordes.com\/wp-content\/uploads\/2021\/03\/mRENA5692-edited-1024x1024.jpg 1024w, https:\/\/en-cordes.com\/wp-content\/uploads\/2021\/03\/mRENA5692-edited-150x150.jpg 150w, https:\/\/en-cordes.com\/wp-content\/uploads\/2021\/03\/mRENA5692-edited-768x768.jpg 768w, https:\/\/en-cordes.com\/wp-content\/uploads\/2021\/03\/mRENA5692-edited-1536x1536.jpg 1536w, https:\/\/en-cordes.com\/wp-content\/uploads\/2021\/03\/mRENA5692-edited-2048x2048.jpg 2048w\" sizes=\"auto, (max-width: 2464px) 100vw, 2464px\" \/><\/figure>\n\n\n\n<h4 class=\"has-text-align-center wp-block-heading\">\u00c9cole d&rsquo;escalade<\/h4>\n\n\n\n<p class=\"has-text-align-center\">D\u00e9buter ou se perfectionner en escalade. Voir ou revoir les bases de s\u00e9curit\u00e9 et progresser dans la verticalit\u00e9<\/p>\n<\/div>\n\n\n\n<div class=\"wp-block-column is-layout-flow wp-block-column-is-layout-flow\">\n<figure class=\"wp-block-image size-large\"><img loading=\"lazy\" decoding=\"async\" width=\"2556\" height=\"2560\" src=\"http:\/\/n-cordes.com\/wp-content\/uploads\/2021\/03\/24-P1500711-edited-scaled.jpg\" alt=\"\" class=\"wp-image-145\" srcset=\"https:\/\/en-cordes.com\/wp-content\/uploads\/2021\/03\/24-P1500711-edited-scaled.jpg 2556w, https:\/\/en-cordes.com\/wp-content\/uploads\/2021\/03\/24-P1500711-edited-300x300.jpg 300w, https:\/\/en-cordes.com\/wp-content\/uploads\/2021\/03\/24-P1500711-edited-scaled-100x100.jpg 100w, https:\/\/en-cordes.com\/wp-content\/uploads\/2021\/03\/24-P1500711-edited-scaled-600x601.jpg 600w, https:\/\/en-cordes.com\/wp-content\/uploads\/2021\/03\/24-P1500711-edited-150x150.jpg 150w, https:\/\/en-cordes.com\/wp-content\/uploads\/2021\/03\/24-P1500711-edited-768x769.jpg 768w, https:\/\/en-cordes.com\/wp-content\/uploads\/2021\/03\/24-P1500711-edited-1534x1536.jpg 1534w, https:\/\/en-cordes.com\/wp-content\/uploads\/2021\/03\/24-P1500711-edited-2045x2048.jpg 2045w\" sizes=\"auto, (max-width: 2556px) 100vw, 2556px\" \/><\/figure>\n\n\n\n<h4 class=\"has-text-align-center wp-block-heading\">Grande voie<\/h4>\n\n\n\n<p class=\"has-text-align-center\">Parce que chaque grande voie est un voyage en soi.  Laissez vous surprendre !<\/p>\n<\/div>\n\n\n\n<div class=\"wp-block-column is-layout-flow wp-block-column-is-layout-flow\">\n<figure class=\"wp-block-image size-large\"><img loading=\"lazy\" decoding=\"async\" width=\"2560\" height=\"2556\" src=\"http:\/\/n-cordes.com\/wp-content\/uploads\/2021\/03\/95-P1490350-edited-scaled.jpg\" alt=\"\" class=\"wp-image-188\" srcset=\"https:\/\/en-cordes.com\/wp-content\/uploads\/2021\/03\/95-P1490350-edited-scaled.jpg 2560w, https:\/\/en-cordes.com\/wp-content\/uploads\/2021\/03\/95-P1490350-edited-300x300.jpg 300w, https:\/\/en-cordes.com\/wp-content\/uploads\/2021\/03\/95-P1490350-edited-scaled-100x100.jpg 100w, https:\/\/en-cordes.com\/wp-content\/uploads\/2021\/03\/95-P1490350-edited-scaled-600x599.jpg 600w, https:\/\/en-cordes.com\/wp-content\/uploads\/2021\/03\/95-P1490350-edited-150x150.jpg 150w, https:\/\/en-cordes.com\/wp-content\/uploads\/2021\/03\/95-P1490350-edited-768x767.jpg 768w, https:\/\/en-cordes.com\/wp-content\/uploads\/2021\/03\/95-P1490350-edited-1536x1534.jpg 1536w, https:\/\/en-cordes.com\/wp-content\/uploads\/2021\/03\/95-P1490350-edited-2048x2045.jpg 2048w\" sizes=\"auto, (max-width: 2560px) 100vw, 2560px\" \/><\/figure>\n\n\n\n<h4 class=\"has-text-align-center wp-block-heading\">Terrain d&rsquo;aventure<\/h4>\n\n\n\n<p class=\"has-text-align-center\">L&rsquo;aventure \u00e0 base d&rsquo;escalade sur coinceurs <\/p>\n<\/div>\n\n\n\n<div class=\"wp-block-column is-layout-flow wp-block-column-is-layout-flow\">\n<div style=\"height:100px\" aria-hidden=\"true\" class=\"wp-block-spacer\"><\/div>\n<\/div>\n<\/div>\n\n\n\n<p><\/p>\n","protected":false},"excerpt":{"rendered":"<p>ALPINISME Premiers pas en Montagne Je vous propose de d\u00e9couvrir les grands espaces que nous offre le milieu montagnard:\u00a0&#8211; Randonn\u00e9e glaciaire&#8211; Escalade&#8211; Courses d&rsquo;ar\u00eates Gravir un grand sommet Je vous accompagne pour r\u00e9aliser vos projets&#8211; Ascensions&#8211; Stages de pr\u00e9paration Devenir autonome Pas \u00e0 pas, devenez autonomes en d\u00e9couvrant les techniques de s\u00e9curit\u00e9 et de progression [&hellip;]<\/p>\n","protected":false},"author":1,"featured_media":0,"parent":0,"menu_order":0,"comment_status":"closed","ping_status":"closed","template":"","meta":{"zakra_sidebar_layout":"customizer","zakra_remove_content_margin":false,"zakra_sidebar":"customizer","zakra_transparent_header":"customizer","zakra_logo":0,"zakra_main_header_style":"default","zakra_menu_item_color":"","zakra_menu_item_hover_color":"","zakra_menu_item_active_color":"","zakra_menu_active_style":"","zakra_page_header":true,"_monsterinsights_skip_tracking":false,"_monsterinsights_sitenote_active":false,"_monsterinsights_sitenote_note":"","_monsterinsights_sitenote_category":0,"_joinchat":[],"footnotes":""},"class_list":["post-55","page","type-page","status-publish","hentry"],"yoast_head":"<!-- This site is optimized with the Yoast SEO plugin v27.0 - https:\/\/yoast.com\/product\/yoast-seo-wordpress\/ -->\n<title>\u00c9t\u00e9 - Nacho Olmedo Manich<\/title>\n<meta name=\"robots\" content=\"index, follow, max-snippet:-1, max-image-preview:large, max-video-preview:-1\" \/>\n<link rel=\"canonical\" href=\"https:\/\/en-cordes.com\/index.php\/ete\/\" \/>\n<meta property=\"og:locale\" content=\"fr_FR\" \/>\n<meta property=\"og:type\" content=\"article\" \/>\n<meta property=\"og:title\" content=\"\u00c9t\u00e9 - Nacho Olmedo Manich\" \/>\n<meta property=\"og:description\" content=\"ALPINISME Premiers pas en Montagne Je vous propose de d\u00e9couvrir les grands espaces que nous offre le milieu montagnard:\u00a0&#8211; Randonn\u00e9e glaciaire&#8211; Escalade&#8211; Courses d&rsquo;ar\u00eates Gravir un grand sommet Je vous accompagne pour r\u00e9aliser vos projets&#8211; Ascensions&#8211; Stages de pr\u00e9paration Devenir autonome Pas \u00e0 pas, devenez autonomes en d\u00e9couvrant les techniques de s\u00e9curit\u00e9 et de progression [&hellip;]\" \/>\n<meta property=\"og:url\" content=\"https:\/\/en-cordes.com\/index.php\/ete\/\" \/>\n<meta property=\"og:site_name\" content=\"Nacho Olmedo Manich\" \/>\n<meta property=\"article:modified_time\" content=\"2021-03-19T20:10:37+00:00\" \/>\n<meta property=\"og:image\" content=\"https:\/\/en-cordes.com\/wp-content\/uploads\/2021\/03\/87-Aretes-Sialouze-1470967-edited-scaled.jpg\" \/>\n\t<meta property=\"og:image:width\" content=\"2560\" \/>\n\t<meta property=\"og:image:height\" content=\"2556\" \/>\n\t<meta property=\"og:image:type\" content=\"image\/jpeg\" \/>\n<meta name=\"twitter:card\" content=\"summary_large_image\" \/>\n<meta name=\"twitter:label1\" content=\"Dur\u00e9e de lecture estim\u00e9e\" \/>\n\t<meta name=\"twitter:data1\" content=\"1 minute\" \/>\n<script type=\"application\/ld+json\" class=\"yoast-schema-graph\">{\"@context\":\"https:\/\/schema.org\",\"@graph\":[{\"@type\":\"WebPage\",\"@id\":\"https:\/\/en-cordes.com\/index.php\/ete\/\",\"url\":\"https:\/\/en-cordes.com\/index.php\/ete\/\",\"name\":\"\u00c9t\u00e9 - Nacho Olmedo Manich\",\"isPartOf\":{\"@id\":\"https:\/\/en-cordes.com\/#website\"},\"primaryImageOfPage\":{\"@id\":\"https:\/\/en-cordes.com\/index.php\/ete\/#primaryimage\"},\"image\":{\"@id\":\"https:\/\/en-cordes.com\/index.php\/ete\/#primaryimage\"},\"thumbnailUrl\":\"http:\/\/n-cordes.com\/wp-content\/uploads\/2021\/03\/87-Aretes-Sialouze-1470967-edited-scaled.jpg\",\"datePublished\":\"2021-03-18T14:18:50+00:00\",\"dateModified\":\"2021-03-19T20:10:37+00:00\",\"breadcrumb\":{\"@id\":\"https:\/\/en-cordes.com\/index.php\/ete\/#breadcrumb\"},\"inLanguage\":\"fr-FR\",\"potentialAction\":[{\"@type\":\"ReadAction\",\"target\":[\"https:\/\/en-cordes.com\/index.php\/ete\/\"]}]},{\"@type\":\"ImageObject\",\"inLanguage\":\"fr-FR\",\"@id\":\"https:\/\/en-cordes.com\/index.php\/ete\/#primaryimage\",\"url\":\"http:\/\/n-cordes.com\/wp-content\/uploads\/2021\/03\/87-Aretes-Sialouze-1470967-edited-scaled.jpg\",\"contentUrl\":\"http:\/\/n-cordes.com\/wp-content\/uploads\/2021\/03\/87-Aretes-Sialouze-1470967-edited-scaled.jpg\"},{\"@type\":\"BreadcrumbList\",\"@id\":\"https:\/\/en-cordes.com\/index.php\/ete\/#breadcrumb\",\"itemListElement\":[{\"@type\":\"ListItem\",\"position\":1,\"name\":\"Accueil\",\"item\":\"https:\/\/en-cordes.com\/\"},{\"@type\":\"ListItem\",\"position\":2,\"name\":\"\u00c9t\u00e9\"}]},{\"@type\":\"WebSite\",\"@id\":\"https:\/\/en-cordes.com\/#website\",\"url\":\"https:\/\/en-cordes.com\/\",\"name\":\"Nacho Olmedo Manich\",\"description\":\"Guide de Haute Montagne UIAGM\",\"publisher\":{\"@id\":\"https:\/\/en-cordes.com\/#organization\"},\"potentialAction\":[{\"@type\":\"SearchAction\",\"target\":{\"@type\":\"EntryPoint\",\"urlTemplate\":\"https:\/\/en-cordes.com\/?s={search_term_string}\"},\"query-input\":{\"@type\":\"PropertyValueSpecification\",\"valueRequired\":true,\"valueName\":\"search_term_string\"}}],\"inLanguage\":\"fr-FR\"},{\"@type\":\"Organization\",\"@id\":\"https:\/\/en-cordes.com\/#organization\",\"name\":\"Nacho Olmedo Manich\",\"url\":\"https:\/\/en-cordes.com\/\",\"logo\":{\"@type\":\"ImageObject\",\"inLanguage\":\"fr-FR\",\"@id\":\"https:\/\/en-cordes.com\/#\/schema\/logo\/image\/\",\"url\":\"https:\/\/en-cordes.com\/wp-content\/uploads\/2021\/09\/cropped-logo_white_2-1.png\",\"contentUrl\":\"https:\/\/en-cordes.com\/wp-content\/uploads\/2021\/09\/cropped-logo_white_2-1.png\",\"width\":1292,\"height\":1061,\"caption\":\"Nacho Olmedo Manich\"},\"image\":{\"@id\":\"https:\/\/en-cordes.com\/#\/schema\/logo\/image\/\"}}]}<\/script>\n<!-- \/ Yoast SEO plugin. -->","yoast_head_json":{"title":"\u00c9t\u00e9 - Nacho Olmedo Manich","robots":{"index":"index","follow":"follow","max-snippet":"max-snippet:-1","max-image-preview":"max-image-preview:large","max-video-preview":"max-video-preview:-1"},"canonical":"https:\/\/en-cordes.com\/index.php\/ete\/","og_locale":"fr_FR","og_type":"article","og_title":"\u00c9t\u00e9 - Nacho Olmedo Manich","og_description":"ALPINISME Premiers pas en Montagne Je vous propose de d\u00e9couvrir les grands espaces que nous offre le milieu montagnard:\u00a0&#8211; Randonn\u00e9e glaciaire&#8211; Escalade&#8211; Courses d&rsquo;ar\u00eates Gravir un grand sommet Je vous accompagne pour r\u00e9aliser vos projets&#8211; Ascensions&#8211; Stages de pr\u00e9paration Devenir autonome Pas \u00e0 pas, devenez autonomes en d\u00e9couvrant les techniques de s\u00e9curit\u00e9 et de progression [&hellip;]","og_url":"https:\/\/en-cordes.com\/index.php\/ete\/","og_site_name":"Nacho Olmedo Manich","article_modified_time":"2021-03-19T20:10:37+00:00","og_image":[{"width":2560,"height":2556,"url":"https:\/\/en-cordes.com\/wp-content\/uploads\/2021\/03\/87-Aretes-Sialouze-1470967-edited-scaled.jpg","type":"image\/jpeg"}],"twitter_card":"summary_large_image","twitter_misc":{"Dur\u00e9e de lecture estim\u00e9e":"1 minute"},"schema":{"@context":"https:\/\/schema.org","@graph":[{"@type":"WebPage","@id":"https:\/\/en-cordes.com\/index.php\/ete\/","url":"https:\/\/en-cordes.com\/index.php\/ete\/","name":"\u00c9t\u00e9 - Nacho Olmedo Manich","isPartOf":{"@id":"https:\/\/en-cordes.com\/#website"},"primaryImageOfPage":{"@id":"https:\/\/en-cordes.com\/index.php\/ete\/#primaryimage"},"image":{"@id":"https:\/\/en-cordes.com\/index.php\/ete\/#primaryimage"},"thumbnailUrl":"http:\/\/n-cordes.com\/wp-content\/uploads\/2021\/03\/87-Aretes-Sialouze-1470967-edited-scaled.jpg","datePublished":"2021-03-18T14:18:50+00:00","dateModified":"2021-03-19T20:10:37+00:00","breadcrumb":{"@id":"https:\/\/en-cordes.com\/index.php\/ete\/#breadcrumb"},"inLanguage":"fr-FR","potentialAction":[{"@type":"ReadAction","target":["https:\/\/en-cordes.com\/index.php\/ete\/"]}]},{"@type":"ImageObject","inLanguage":"fr-FR","@id":"https:\/\/en-cordes.com\/index.php\/ete\/#primaryimage","url":"http:\/\/n-cordes.com\/wp-content\/uploads\/2021\/03\/87-Aretes-Sialouze-1470967-edited-scaled.jpg","contentUrl":"http:\/\/n-cordes.com\/wp-content\/uploads\/2021\/03\/87-Aretes-Sialouze-1470967-edited-scaled.jpg"},{"@type":"BreadcrumbList","@id":"https:\/\/en-cordes.com\/index.php\/ete\/#breadcrumb","itemListElement":[{"@type":"ListItem","position":1,"name":"Accueil","item":"https:\/\/en-cordes.com\/"},{"@type":"ListItem","position":2,"name":"\u00c9t\u00e9"}]},{"@type":"WebSite","@id":"https:\/\/en-cordes.com\/#website","url":"https:\/\/en-cordes.com\/","name":"Nacho Olmedo Manich","description":"Guide de Haute Montagne UIAGM","publisher":{"@id":"https:\/\/en-cordes.com\/#organization"},"potentialAction":[{"@type":"SearchAction","target":{"@type":"EntryPoint","urlTemplate":"https:\/\/en-cordes.com\/?s={search_term_string}"},"query-input":{"@type":"PropertyValueSpecification","valueRequired":true,"valueName":"search_term_string"}}],"inLanguage":"fr-FR"},{"@type":"Organization","@id":"https:\/\/en-cordes.com\/#organization","name":"Nacho Olmedo Manich","url":"https:\/\/en-cordes.com\/","logo":{"@type":"ImageObject","inLanguage":"fr-FR","@id":"https:\/\/en-cordes.com\/#\/schema\/logo\/image\/","url":"https:\/\/en-cordes.com\/wp-content\/uploads\/2021\/09\/cropped-logo_white_2-1.png","contentUrl":"https:\/\/en-cordes.com\/wp-content\/uploads\/2021\/09\/cropped-logo_white_2-1.png","width":1292,"height":1061,"caption":"Nacho Olmedo Manich"},"image":{"@id":"https:\/\/en-cordes.com\/#\/schema\/logo\/image\/"}}]}},"jetpack_sharing_enabled":true,"_links":{"self":[{"href":"https:\/\/en-cordes.com\/index.php\/wp-json\/wp\/v2\/pages\/55","targetHints":{"allow":["GET"]}}],"collection":[{"href":"https:\/\/en-cordes.com\/index.php\/wp-json\/wp\/v2\/pages"}],"about":[{"href":"https:\/\/en-cordes.com\/index.php\/wp-json\/wp\/v2\/types\/page"}],"author":[{"embeddable":true,"href":"https:\/\/en-cordes.com\/index.php\/wp-json\/wp\/v2\/users\/1"}],"replies":[{"embeddable":true,"href":"https:\/\/en-cordes.com\/index.php\/wp-json\/wp\/v2\/comments?post=55"}],"version-history":[{"count":15,"href":"https:\/\/en-cordes.com\/index.php\/wp-json\/wp\/v2\/pages\/55\/revisions"}],"predecessor-version":[{"id":222,"href":"https:\/\/en-cordes.com\/index.php\/wp-json\/wp\/v2\/pages\/55\/revisions\/222"}],"wp:attachment":[{"href":"https:\/\/en-cordes.com\/index.php\/wp-json\/wp\/v2\/media?parent=55"}],"curies":[{"name":"wp","href":"https:\/\/api.w.org\/{rel}","templated":true}]}}